{"id":19,"date":"2017-10-17T10:59:59","date_gmt":"2017-10-17T10:59:59","guid":{"rendered":"http:\/\/saas2.oxy.host\/?page_id=4"},"modified":"2024-06-05T22:38:16","modified_gmt":"2024-06-05T20:38:16","slug":"main","status":"publish","type":"page","link":"https:\/\/hosteleriauno.es\/mobiliario-restaurantes-terrazas-bares\/","title":{"rendered":"Mobiliario Hosteler\u00eda"},"content":{"rendered":"","protected":false},"excerpt":{"rendered":"","protected":false},"author":1,"featured_media":0,"parent":0,"menu_order":0,"comment_status":"closed","ping_status":"closed","template":"","meta":{"footnotes":""},"yoast_head":"<!-- This site is optimized with the Yoast SEO plugin v22.3 - https:\/\/yoast.com\/wordpress\/plugins\/seo\/ -->\n<title>Mobiliario para bares y restaurantes | Sillas, Mesas Hosteler\u00eda<\/title>\n<meta name=\"description\" content=\"Encuentra mobiliario exclusivo para bares y restaurantes. Mesas, sillas, banquetas, taburetes con dise\u00f1os \u00fanicos y elegantes para tu negocio.\" \/>\n<meta name=\"robots\" content=\"index, follow, max-snippet:-1, max-image-preview:large, max-video-preview:-1\" \/>\n<link rel=\"canonical\" href=\"https:\/\/hosteleriauno.es\/mobiliario-restaurantes-terrazas-bares\/\" \/>\n<meta property=\"og:locale\" content=\"es_ES\" \/>\n<meta property=\"og:type\" content=\"article\" \/>\n<meta property=\"og:title\" content=\"Mobiliario para bares y restaurantes | Sillas, Mesas Hosteler\u00eda\" \/>\n<meta property=\"og:description\" content=\"Encuentra mobiliario exclusivo para bares y restaurantes. Mesas, sillas, banquetas, taburetes con dise\u00f1os \u00fanicos y elegantes para tu negocio.\" \/>\n<meta property=\"og:url\" content=\"https:\/\/hosteleriauno.es\/mobiliario-restaurantes-terrazas-bares\/\" \/>\n<meta property=\"og:site_name\" content=\"Landing\" \/>\n<meta property=\"article:modified_time\" content=\"2024-06-05T20:38:16+00:00\" \/>\n<meta name=\"twitter:card\" content=\"summary_large_image\" \/>\n<meta name=\"twitter:label1\" content=\"Tiempo de lectura\" \/>\n\t<meta name=\"twitter:data1\" content=\"5 minutos\" \/>\n<script type=\"application\/ld+json\" class=\"yoast-schema-graph\">{\"@context\":\"https:\/\/schema.org\",\"@graph\":[{\"@type\":\"WebPage\",\"@id\":\"https:\/\/hosteleriauno.es\/mobiliario-restaurantes-terrazas-bares\/\",\"url\":\"https:\/\/hosteleriauno.es\/mobiliario-restaurantes-terrazas-bares\/\",\"name\":\"Mobiliario para bares y restaurantes | Sillas, Mesas Hosteler\u00eda\",\"isPartOf\":{\"@id\":\"https:\/\/hosteleriauno.es\/mobiliario-restaurantes-terrazas-bares\/#website\"},\"datePublished\":\"2017-10-17T10:59:59+00:00\",\"dateModified\":\"2024-06-05T20:38:16+00:00\",\"description\":\"Encuentra mobiliario exclusivo para bares y restaurantes. Mesas, sillas, banquetas, taburetes con dise\u00f1os \u00fanicos y elegantes para tu negocio.\",\"breadcrumb\":{\"@id\":\"https:\/\/hosteleriauno.es\/mobiliario-restaurantes-terrazas-bares\/#breadcrumb\"},\"inLanguage\":\"es\",\"potentialAction\":[{\"@type\":\"ReadAction\",\"target\":[\"https:\/\/hosteleriauno.es\/mobiliario-restaurantes-terrazas-bares\/\"]}]},{\"@type\":\"BreadcrumbList\",\"@id\":\"https:\/\/hosteleriauno.es\/mobiliario-restaurantes-terrazas-bares\/#breadcrumb\",\"itemListElement\":[{\"@type\":\"ListItem\",\"position\":1,\"name\":\"Portada\",\"item\":\"https:\/\/hosteleriauno.es\/mobiliario-restaurantes-terrazas-bares\/\"},{\"@type\":\"ListItem\",\"position\":2,\"name\":\"Mobiliario Hosteler\u00eda\"}]},{\"@type\":\"WebSite\",\"@id\":\"https:\/\/hosteleriauno.es\/mobiliario-restaurantes-terrazas-bares\/#website\",\"url\":\"https:\/\/hosteleriauno.es\/mobiliario-restaurantes-terrazas-bares\/\",\"name\":\"Mobiliario para bares y restaurantes\",\"description\":\"Encuentra mobiliario exclusivo para bares y restaurantes. Dise\u00f1os \u00fanicos que combinan estilo, comodidad y durabilidad para tu negocio.\",\"publisher\":{\"@id\":\"https:\/\/hosteleriauno.es\/mobiliario-restaurantes-terrazas-bares\/#organization\"},\"alternateName\":\"Mobiliario para bares y restaurantes\",\"potentialAction\":[{\"@type\":\"SearchAction\",\"target\":{\"@type\":\"EntryPoint\",\"urlTemplate\":\"https:\/\/hosteleriauno.es\/mobiliario-restaurantes-terrazas-bares\/?s={search_term_string}\"},\"query-input\":\"required name=search_term_string\"}],\"inLanguage\":\"es\"},{\"@type\":\"Organization\",\"@id\":\"https:\/\/hosteleriauno.es\/mobiliario-restaurantes-terrazas-bares\/#organization\",\"name\":\"Hosteleriauno\",\"url\":\"https:\/\/hosteleriauno.es\/mobiliario-restaurantes-terrazas-bares\/\",\"logo\":{\"@type\":\"ImageObject\",\"inLanguage\":\"es\",\"@id\":\"https:\/\/hosteleriauno.es\/mobiliario-restaurantes-terrazas-bares\/#\/schema\/logo\/image\/\",\"url\":\"https:\/\/hosteleriauno.es\/mobiliario-restaurantes-terrazas-bares\/wp-content\/uploads\/2024\/03\/hosteleria-uno-logo-1673308351.png\",\"contentUrl\":\"https:\/\/hosteleriauno.es\/mobiliario-restaurantes-terrazas-bares\/wp-content\/uploads\/2024\/03\/hosteleria-uno-logo-1673308351.png\",\"width\":1082,\"height\":168,\"caption\":\"Hosteleriauno\"},\"image\":{\"@id\":\"https:\/\/hosteleriauno.es\/mobiliario-restaurantes-terrazas-bares\/#\/schema\/logo\/image\/\"}}]}<\/script>\n<!-- \/ Yoast SEO plugin. -->","yoast_head_json":{"title":"Mobiliario para bares y restaurantes | Sillas, Mesas Hosteler\u00eda","description":"Encuentra mobiliario exclusivo para bares y restaurantes. Mesas, sillas, banquetas, taburetes con dise\u00f1os \u00fanicos y elegantes para tu negocio.","robots":{"index":"index","follow":"follow","max-snippet":"max-snippet:-1","max-image-preview":"max-image-preview:large","max-video-preview":"max-video-preview:-1"},"canonical":"https:\/\/hosteleriauno.es\/mobiliario-restaurantes-terrazas-bares\/","og_locale":"es_ES","og_type":"article","og_title":"Mobiliario para bares y restaurantes | Sillas, Mesas Hosteler\u00eda","og_description":"Encuentra mobiliario exclusivo para bares y restaurantes. Mesas, sillas, banquetas, taburetes con dise\u00f1os \u00fanicos y elegantes para tu negocio.","og_url":"https:\/\/hosteleriauno.es\/mobiliario-restaurantes-terrazas-bares\/","og_site_name":"Landing","article_modified_time":"2024-06-05T20:38:16+00:00","twitter_card":"summary_large_image","twitter_misc":{"Tiempo de lectura":"5 minutos"},"schema":{"@context":"https:\/\/schema.org","@graph":[{"@type":"WebPage","@id":"https:\/\/hosteleriauno.es\/mobiliario-restaurantes-terrazas-bares\/","url":"https:\/\/hosteleriauno.es\/mobiliario-restaurantes-terrazas-bares\/","name":"Mobiliario para bares y restaurantes | Sillas, Mesas Hosteler\u00eda","isPartOf":{"@id":"https:\/\/hosteleriauno.es\/mobiliario-restaurantes-terrazas-bares\/#website"},"datePublished":"2017-10-17T10:59:59+00:00","dateModified":"2024-06-05T20:38:16+00:00","description":"Encuentra mobiliario exclusivo para bares y restaurantes. Mesas, sillas, banquetas, taburetes con dise\u00f1os \u00fanicos y elegantes para tu negocio.","breadcrumb":{"@id":"https:\/\/hosteleriauno.es\/mobiliario-restaurantes-terrazas-bares\/#breadcrumb"},"inLanguage":"es","potentialAction":[{"@type":"ReadAction","target":["https:\/\/hosteleriauno.es\/mobiliario-restaurantes-terrazas-bares\/"]}]},{"@type":"BreadcrumbList","@id":"https:\/\/hosteleriauno.es\/mobiliario-restaurantes-terrazas-bares\/#breadcrumb","itemListElement":[{"@type":"ListItem","position":1,"name":"Portada","item":"https:\/\/hosteleriauno.es\/mobiliario-restaurantes-terrazas-bares\/"},{"@type":"ListItem","position":2,"name":"Mobiliario Hosteler\u00eda"}]},{"@type":"WebSite","@id":"https:\/\/hosteleriauno.es\/mobiliario-restaurantes-terrazas-bares\/#website","url":"https:\/\/hosteleriauno.es\/mobiliario-restaurantes-terrazas-bares\/","name":"Mobiliario para bares y restaurantes","description":"Encuentra mobiliario exclusivo para bares y restaurantes. Dise\u00f1os \u00fanicos que combinan estilo, comodidad y durabilidad para tu negocio.","publisher":{"@id":"https:\/\/hosteleriauno.es\/mobiliario-restaurantes-terrazas-bares\/#organization"},"alternateName":"Mobiliario para bares y restaurantes","potentialAction":[{"@type":"SearchAction","target":{"@type":"EntryPoint","urlTemplate":"https:\/\/hosteleriauno.es\/mobiliario-restaurantes-terrazas-bares\/?s={search_term_string}"},"query-input":"required name=search_term_string"}],"inLanguage":"es"},{"@type":"Organization","@id":"https:\/\/hosteleriauno.es\/mobiliario-restaurantes-terrazas-bares\/#organization","name":"Hosteleriauno","url":"https:\/\/hosteleriauno.es\/mobiliario-restaurantes-terrazas-bares\/","logo":{"@type":"ImageObject","inLanguage":"es","@id":"https:\/\/hosteleriauno.es\/mobiliario-restaurantes-terrazas-bares\/#\/schema\/logo\/image\/","url":"https:\/\/hosteleriauno.es\/mobiliario-restaurantes-terrazas-bares\/wp-content\/uploads\/2024\/03\/hosteleria-uno-logo-1673308351.png","contentUrl":"https:\/\/hosteleriauno.es\/mobiliario-restaurantes-terrazas-bares\/wp-content\/uploads\/2024\/03\/hosteleria-uno-logo-1673308351.png","width":1082,"height":168,"caption":"Hosteleriauno"},"image":{"@id":"https:\/\/hosteleriauno.es\/mobiliario-restaurantes-terrazas-bares\/#\/schema\/logo\/image\/"}}]}},"_links":{"self":[{"href":"https:\/\/hosteleriauno.es\/mobiliario-restaurantes-terrazas-bares\/wp-json\/wp\/v2\/pages\/19"}],"collection":[{"href":"https:\/\/hosteleriauno.es\/mobiliario-restaurantes-terrazas-bares\/wp-json\/wp\/v2\/pages"}],"about":[{"href":"https:\/\/hosteleriauno.es\/mobiliario-restaurantes-terrazas-bares\/wp-json\/wp\/v2\/types\/page"}],"author":[{"embeddable":true,"href":"https:\/\/hosteleriauno.es\/mobiliario-restaurantes-terrazas-bares\/wp-json\/wp\/v2\/users\/1"}],"replies":[{"embeddable":true,"href":"https:\/\/hosteleriauno.es\/mobiliario-restaurantes-terrazas-bares\/wp-json\/wp\/v2\/comments?post=19"}],"version-history":[{"count":3,"href":"https:\/\/hosteleriauno.es\/mobiliario-restaurantes-terrazas-bares\/wp-json\/wp\/v2\/pages\/19\/revisions"}],"predecessor-version":[{"id":82,"href":"https:\/\/hosteleriauno.es\/mobiliario-restaurantes-terrazas-bares\/wp-json\/wp\/v2\/pages\/19\/revisions\/82"}],"wp:attachment":[{"href":"https:\/\/hosteleriauno.es\/mobiliario-restaurantes-terrazas-bares\/wp-json\/wp\/v2\/media?parent=19"}],"curies":[{"name":"wp","href":"https:\/\/api.w.org\/{rel}","templated":true}]}}