{"id":19,"date":"2024-06-25T10:59:59","date_gmt":"2024-06-25T08:59:59","guid":{"rendered":"http:\/\/saas2.oxy.host\/?page_id=4"},"modified":"2024-06-28T21:11:01","modified_gmt":"2024-06-28T19:11:01","slug":"main","status":"publish","type":"page","link":"https:\/\/hosteleriauno.es\/fabrica-acero-inoxidable\/","title":{"rendered":"F\u00e1brica Acero inoxidable"},"content":{"rendered":"","protected":false},"excerpt":{"rendered":"","protected":false},"author":1,"featured_media":0,"parent":0,"menu_order":0,"comment_status":"closed","ping_status":"closed","template":"","meta":{"footnotes":""},"yoast_head":"<!-- This site is optimized with the Yoast SEO plugin v22.3 - https:\/\/yoast.com\/wordpress\/plugins\/seo\/ -->\n<title>F\u00e1brica de Acero inoxidable para Hosteler\u00eda en Espa\u00f1a<\/title>\n<meta name=\"description\" content=\"Fabrica a medida de acero inoxidable para hosteler\u00eda al mejor precio en Espa\u00f1a. Mesas, fregaderos y muebles cafeteros para tu cocina.\" \/>\n<meta name=\"robots\" content=\"index, follow, max-snippet:-1, max-image-preview:large, max-video-preview:-1\" \/>\n<link rel=\"canonical\" href=\"https:\/\/hosteleriauno.es\/fabrica-acero-inoxidable\/\" \/>\n<meta property=\"og:locale\" content=\"es_ES\" \/>\n<meta property=\"og:type\" content=\"article\" \/>\n<meta property=\"og:title\" content=\"F\u00e1brica de Acero inoxidable para Hosteler\u00eda en Espa\u00f1a\" \/>\n<meta property=\"og:description\" content=\"Fabrica a medida de acero inoxidable para hosteler\u00eda al mejor precio en Espa\u00f1a. Mesas, fregaderos y muebles cafeteros para tu cocina.\" \/>\n<meta property=\"og:url\" content=\"https:\/\/hosteleriauno.es\/fabrica-acero-inoxidable\/\" \/>\n<meta property=\"og:site_name\" content=\"Landing\" \/>\n<meta property=\"article:modified_time\" content=\"2024-06-28T19:11:01+00:00\" \/>\n<meta property=\"og:image\" content=\"https:\/\/hosteleriauno.es\/fabrica-acero-inoxidable\/wp-content\/uploads\/2024\/03\/hosteleria-uno-logo-1673308351.png\" \/>\n\t<meta property=\"og:image:width\" content=\"1082\" \/>\n\t<meta property=\"og:image:height\" content=\"168\" \/>\n\t<meta property=\"og:image:type\" content=\"image\/png\" \/>\n<meta name=\"twitter:card\" content=\"summary_large_image\" \/>\n<meta name=\"twitter:label1\" content=\"Tiempo de lectura\" \/>\n\t<meta name=\"twitter:data1\" content=\"6 minutos\" \/>\n<script type=\"application\/ld+json\" class=\"yoast-schema-graph\">{\"@context\":\"https:\/\/schema.org\",\"@graph\":[{\"@type\":\"WebPage\",\"@id\":\"https:\/\/hosteleriauno.es\/fabrica-acero-inoxidable\/\",\"url\":\"https:\/\/hosteleriauno.es\/fabrica-acero-inoxidable\/\",\"name\":\"F\u00e1brica de Acero inoxidable para Hosteler\u00eda en Espa\u00f1a\",\"isPartOf\":{\"@id\":\"https:\/\/hosteleriauno.es\/fabrica-acero-inoxidable\/#website\"},\"datePublished\":\"2024-06-25T08:59:59+00:00\",\"dateModified\":\"2024-06-28T19:11:01+00:00\",\"description\":\"Fabrica a medida de acero inoxidable para hosteler\u00eda al mejor precio en Espa\u00f1a. Mesas, fregaderos y muebles cafeteros para tu cocina.\",\"breadcrumb\":{\"@id\":\"https:\/\/hosteleriauno.es\/fabrica-acero-inoxidable\/#breadcrumb\"},\"inLanguage\":\"es\",\"potentialAction\":[{\"@type\":\"ReadAction\",\"target\":[\"https:\/\/hosteleriauno.es\/fabrica-acero-inoxidable\/\"]}]},{\"@type\":\"BreadcrumbList\",\"@id\":\"https:\/\/hosteleriauno.es\/fabrica-acero-inoxidable\/#breadcrumb\",\"itemListElement\":[{\"@type\":\"ListItem\",\"position\":1,\"name\":\"Portada\",\"item\":\"https:\/\/hosteleriauno.es\/fabrica-acero-inoxidable\/\"},{\"@type\":\"ListItem\",\"position\":2,\"name\":\"F\u00e1brica Acero inoxidable\"}]},{\"@type\":\"WebSite\",\"@id\":\"https:\/\/hosteleriauno.es\/fabrica-acero-inoxidable\/#website\",\"url\":\"https:\/\/hosteleriauno.es\/fabrica-acero-inoxidable\/\",\"name\":\"Fabricaci\u00f3n a medida de acero inoxidable - Hosteleria UNO\",\"description\":\"Mobiliario a medida de acero inoxidable para hosteler\u00eda al mejor precio. Mesas, fregaderos y muebles cafeteros para tu cocina.\",\"publisher\":{\"@id\":\"https:\/\/hosteleriauno.es\/fabrica-acero-inoxidable\/#organization\"},\"alternateName\":\"Fabricaci\u00f3n a medida de acero inoxidable - Hosteleria UNO\",\"potentialAction\":[{\"@type\":\"SearchAction\",\"target\":{\"@type\":\"EntryPoint\",\"urlTemplate\":\"https:\/\/hosteleriauno.es\/fabrica-acero-inoxidable\/?s={search_term_string}\"},\"query-input\":\"required name=search_term_string\"}],\"inLanguage\":\"es\"},{\"@type\":\"Organization\",\"@id\":\"https:\/\/hosteleriauno.es\/fabrica-acero-inoxidable\/#organization\",\"name\":\"Hosteleriauno\",\"url\":\"https:\/\/hosteleriauno.es\/fabrica-acero-inoxidable\/\",\"logo\":{\"@type\":\"ImageObject\",\"inLanguage\":\"es\",\"@id\":\"https:\/\/hosteleriauno.es\/fabrica-acero-inoxidable\/#\/schema\/logo\/image\/\",\"url\":\"https:\/\/hosteleriauno.es\/fabrica-acero-inoxidable\/wp-content\/uploads\/2024\/03\/hosteleria-uno-logo-1673308351.png\",\"contentUrl\":\"https:\/\/hosteleriauno.es\/fabrica-acero-inoxidable\/wp-content\/uploads\/2024\/03\/hosteleria-uno-logo-1673308351.png\",\"width\":1082,\"height\":168,\"caption\":\"Hosteleriauno\"},\"image\":{\"@id\":\"https:\/\/hosteleriauno.es\/fabrica-acero-inoxidable\/#\/schema\/logo\/image\/\"}}]}<\/script>\n<!-- \/ Yoast SEO plugin. -->","yoast_head_json":{"title":"F\u00e1brica de Acero inoxidable para Hosteler\u00eda en Espa\u00f1a","description":"Fabrica a medida de acero inoxidable para hosteler\u00eda al mejor precio en Espa\u00f1a. Mesas, fregaderos y muebles cafeteros para tu cocina.","robots":{"index":"index","follow":"follow","max-snippet":"max-snippet:-1","max-image-preview":"max-image-preview:large","max-video-preview":"max-video-preview:-1"},"canonical":"https:\/\/hosteleriauno.es\/fabrica-acero-inoxidable\/","og_locale":"es_ES","og_type":"article","og_title":"F\u00e1brica de Acero inoxidable para Hosteler\u00eda en Espa\u00f1a","og_description":"Fabrica a medida de acero inoxidable para hosteler\u00eda al mejor precio en Espa\u00f1a. Mesas, fregaderos y muebles cafeteros para tu cocina.","og_url":"https:\/\/hosteleriauno.es\/fabrica-acero-inoxidable\/","og_site_name":"Landing","article_modified_time":"2024-06-28T19:11:01+00:00","og_image":[{"width":1082,"height":168,"url":"https:\/\/hosteleriauno.es\/fabrica-acero-inoxidable\/wp-content\/uploads\/2024\/03\/hosteleria-uno-logo-1673308351.png","type":"image\/png"}],"twitter_card":"summary_large_image","twitter_misc":{"Tiempo de lectura":"6 minutos"},"schema":{"@context":"https:\/\/schema.org","@graph":[{"@type":"WebPage","@id":"https:\/\/hosteleriauno.es\/fabrica-acero-inoxidable\/","url":"https:\/\/hosteleriauno.es\/fabrica-acero-inoxidable\/","name":"F\u00e1brica de Acero inoxidable para Hosteler\u00eda en Espa\u00f1a","isPartOf":{"@id":"https:\/\/hosteleriauno.es\/fabrica-acero-inoxidable\/#website"},"datePublished":"2024-06-25T08:59:59+00:00","dateModified":"2024-06-28T19:11:01+00:00","description":"Fabrica a medida de acero inoxidable para hosteler\u00eda al mejor precio en Espa\u00f1a. Mesas, fregaderos y muebles cafeteros para tu cocina.","breadcrumb":{"@id":"https:\/\/hosteleriauno.es\/fabrica-acero-inoxidable\/#breadcrumb"},"inLanguage":"es","potentialAction":[{"@type":"ReadAction","target":["https:\/\/hosteleriauno.es\/fabrica-acero-inoxidable\/"]}]},{"@type":"BreadcrumbList","@id":"https:\/\/hosteleriauno.es\/fabrica-acero-inoxidable\/#breadcrumb","itemListElement":[{"@type":"ListItem","position":1,"name":"Portada","item":"https:\/\/hosteleriauno.es\/fabrica-acero-inoxidable\/"},{"@type":"ListItem","position":2,"name":"F\u00e1brica Acero inoxidable"}]},{"@type":"WebSite","@id":"https:\/\/hosteleriauno.es\/fabrica-acero-inoxidable\/#website","url":"https:\/\/hosteleriauno.es\/fabrica-acero-inoxidable\/","name":"Fabricaci\u00f3n a medida de acero inoxidable - Hosteleria UNO","description":"Mobiliario a medida de acero inoxidable para hosteler\u00eda al mejor precio. Mesas, fregaderos y muebles cafeteros para tu cocina.","publisher":{"@id":"https:\/\/hosteleriauno.es\/fabrica-acero-inoxidable\/#organization"},"alternateName":"Fabricaci\u00f3n a medida de acero inoxidable - Hosteleria UNO","potentialAction":[{"@type":"SearchAction","target":{"@type":"EntryPoint","urlTemplate":"https:\/\/hosteleriauno.es\/fabrica-acero-inoxidable\/?s={search_term_string}"},"query-input":"required name=search_term_string"}],"inLanguage":"es"},{"@type":"Organization","@id":"https:\/\/hosteleriauno.es\/fabrica-acero-inoxidable\/#organization","name":"Hosteleriauno","url":"https:\/\/hosteleriauno.es\/fabrica-acero-inoxidable\/","logo":{"@type":"ImageObject","inLanguage":"es","@id":"https:\/\/hosteleriauno.es\/fabrica-acero-inoxidable\/#\/schema\/logo\/image\/","url":"https:\/\/hosteleriauno.es\/fabrica-acero-inoxidable\/wp-content\/uploads\/2024\/03\/hosteleria-uno-logo-1673308351.png","contentUrl":"https:\/\/hosteleriauno.es\/fabrica-acero-inoxidable\/wp-content\/uploads\/2024\/03\/hosteleria-uno-logo-1673308351.png","width":1082,"height":168,"caption":"Hosteleriauno"},"image":{"@id":"https:\/\/hosteleriauno.es\/fabrica-acero-inoxidable\/#\/schema\/logo\/image\/"}}]}},"_links":{"self":[{"href":"https:\/\/hosteleriauno.es\/fabrica-acero-inoxidable\/wp-json\/wp\/v2\/pages\/19"}],"collection":[{"href":"https:\/\/hosteleriauno.es\/fabrica-acero-inoxidable\/wp-json\/wp\/v2\/pages"}],"about":[{"href":"https:\/\/hosteleriauno.es\/fabrica-acero-inoxidable\/wp-json\/wp\/v2\/types\/page"}],"author":[{"embeddable":true,"href":"https:\/\/hosteleriauno.es\/fabrica-acero-inoxidable\/wp-json\/wp\/v2\/users\/1"}],"replies":[{"embeddable":true,"href":"https:\/\/hosteleriauno.es\/fabrica-acero-inoxidable\/wp-json\/wp\/v2\/comments?post=19"}],"version-history":[{"count":2,"href":"https:\/\/hosteleriauno.es\/fabrica-acero-inoxidable\/wp-json\/wp\/v2\/pages\/19\/revisions"}],"predecessor-version":[{"id":71,"href":"https:\/\/hosteleriauno.es\/fabrica-acero-inoxidable\/wp-json\/wp\/v2\/pages\/19\/revisions\/71"}],"wp:attachment":[{"href":"https:\/\/hosteleriauno.es\/fabrica-acero-inoxidable\/wp-json\/wp\/v2\/media?parent=19"}],"curies":[{"name":"wp","href":"https:\/\/api.w.org\/{rel}","templated":true}]}}