{"id":19,"date":"2017-10-17T10:59:59","date_gmt":"2017-10-17T10:59:59","guid":{"rendered":"http:\/\/saas2.oxy.host\/?page_id=4"},"modified":"2024-06-05T22:41:14","modified_gmt":"2024-06-05T20:41:14","slug":"main","status":"publish","type":"page","link":"https:\/\/hosteleriauno.es\/cocina-sin-humos\/","title":{"rendered":"Cocina sin Humos"},"content":{"rendered":"","protected":false},"excerpt":{"rendered":"","protected":false},"author":1,"featured_media":0,"parent":0,"menu_order":0,"comment_status":"closed","ping_status":"closed","template":"","meta":{"footnotes":""},"yoast_head":"<!-- This site is optimized with the Yoast SEO plugin v22.3 - https:\/\/yoast.com\/wordpress\/plugins\/seo\/ -->\n<title>Cocina Ecol\u00f3gica sin Humos para Hosteler\u00eda | Freidoras, Hornos<\/title>\n<meta name=\"description\" content=\"Descubre nuestra propuesta para cocinas eco-amigables con hornos ecol\u00f3gicos, freidoras ecol\u00f3gicas y campanas con filtro de carb\u00f3n.\" \/>\n<meta name=\"robots\" content=\"index, follow, max-snippet:-1, max-image-preview:large, max-video-preview:-1\" \/>\n<link rel=\"canonical\" href=\"https:\/\/hosteleriauno.es\/cocina-sin-humos\/\" \/>\n<meta property=\"og:locale\" content=\"es_ES\" \/>\n<meta property=\"og:type\" content=\"article\" \/>\n<meta property=\"og:title\" content=\"Cocina Ecol\u00f3gica sin Humos para Hosteler\u00eda | Freidoras, Hornos\" \/>\n<meta property=\"og:description\" content=\"Descubre nuestra propuesta para cocinas eco-amigables con hornos ecol\u00f3gicos, freidoras ecol\u00f3gicas y campanas con filtro de carb\u00f3n.\" \/>\n<meta property=\"og:url\" content=\"https:\/\/hosteleriauno.es\/cocina-sin-humos\/\" \/>\n<meta property=\"og:site_name\" content=\"Landing\" \/>\n<meta property=\"article:modified_time\" content=\"2024-06-05T20:41:14+00:00\" \/>\n<meta property=\"og:image\" content=\"https:\/\/hosteleriauno.es\/cocina-sin-humos\/wp-content\/uploads\/2024\/03\/hosteleria-uno-logo-1673308351.png\" \/>\n\t<meta property=\"og:image:width\" content=\"1082\" \/>\n\t<meta property=\"og:image:height\" content=\"168\" \/>\n\t<meta property=\"og:image:type\" content=\"image\/png\" \/>\n<meta name=\"twitter:card\" content=\"summary_large_image\" \/>\n<meta name=\"twitter:label1\" content=\"Tiempo de lectura\" \/>\n\t<meta name=\"twitter:data1\" content=\"5 minutos\" \/>\n<script type=\"application\/ld+json\" class=\"yoast-schema-graph\">{\"@context\":\"https:\/\/schema.org\",\"@graph\":[{\"@type\":\"WebPage\",\"@id\":\"https:\/\/hosteleriauno.es\/cocina-sin-humos\/\",\"url\":\"https:\/\/hosteleriauno.es\/cocina-sin-humos\/\",\"name\":\"Cocina Ecol\u00f3gica sin Humos para Hosteler\u00eda | Freidoras, Hornos\",\"isPartOf\":{\"@id\":\"https:\/\/hosteleriauno.es\/cocina-sin-humos\/#website\"},\"datePublished\":\"2017-10-17T10:59:59+00:00\",\"dateModified\":\"2024-06-05T20:41:14+00:00\",\"description\":\"Descubre nuestra propuesta para cocinas eco-amigables con hornos ecol\u00f3gicos, freidoras ecol\u00f3gicas y campanas con filtro de carb\u00f3n.\",\"breadcrumb\":{\"@id\":\"https:\/\/hosteleriauno.es\/cocina-sin-humos\/#breadcrumb\"},\"inLanguage\":\"es\",\"potentialAction\":[{\"@type\":\"ReadAction\",\"target\":[\"https:\/\/hosteleriauno.es\/cocina-sin-humos\/\"]}]},{\"@type\":\"BreadcrumbList\",\"@id\":\"https:\/\/hosteleriauno.es\/cocina-sin-humos\/#breadcrumb\",\"itemListElement\":[{\"@type\":\"ListItem\",\"position\":1,\"name\":\"Portada\",\"item\":\"https:\/\/hosteleriauno.es\/cocina-sin-humos\/\"},{\"@type\":\"ListItem\",\"position\":2,\"name\":\"Cocina sin Humos\"}]},{\"@type\":\"WebSite\",\"@id\":\"https:\/\/hosteleriauno.es\/cocina-sin-humos\/#website\",\"url\":\"https:\/\/hosteleriauno.es\/cocina-sin-humos\/\",\"name\":\"Cocina ecol\u00f3gica sin humos - Hosteleria UNO\",\"description\":\"Descubre nuestra propuesta para cocinas eco-amigables con hornos ecol\u00f3gicos, freidoras ecol\u00f3gicas y campanas con filtro de carb\u00f3n.\",\"publisher\":{\"@id\":\"https:\/\/hosteleriauno.es\/cocina-sin-humos\/#organization\"},\"alternateName\":\"Cocina ecol\u00f3gica sin humos - Hosteleria UNO\",\"potentialAction\":[{\"@type\":\"SearchAction\",\"target\":{\"@type\":\"EntryPoint\",\"urlTemplate\":\"https:\/\/hosteleriauno.es\/cocina-sin-humos\/?s={search_term_string}\"},\"query-input\":\"required name=search_term_string\"}],\"inLanguage\":\"es\"},{\"@type\":\"Organization\",\"@id\":\"https:\/\/hosteleriauno.es\/cocina-sin-humos\/#organization\",\"name\":\"Hosteleriauno\",\"url\":\"https:\/\/hosteleriauno.es\/cocina-sin-humos\/\",\"logo\":{\"@type\":\"ImageObject\",\"inLanguage\":\"es\",\"@id\":\"https:\/\/hosteleriauno.es\/cocina-sin-humos\/#\/schema\/logo\/image\/\",\"url\":\"https:\/\/hosteleriauno.es\/cocina-sin-humos\/wp-content\/uploads\/2024\/03\/hosteleria-uno-logo-1673308351.png\",\"contentUrl\":\"https:\/\/hosteleriauno.es\/cocina-sin-humos\/wp-content\/uploads\/2024\/03\/hosteleria-uno-logo-1673308351.png\",\"width\":1082,\"height\":168,\"caption\":\"Hosteleriauno\"},\"image\":{\"@id\":\"https:\/\/hosteleriauno.es\/cocina-sin-humos\/#\/schema\/logo\/image\/\"}}]}<\/script>\n<!-- \/ Yoast SEO plugin. -->","yoast_head_json":{"title":"Cocina Ecol\u00f3gica sin Humos para Hosteler\u00eda | Freidoras, Hornos","description":"Descubre nuestra propuesta para cocinas eco-amigables con hornos ecol\u00f3gicos, freidoras ecol\u00f3gicas y campanas con filtro de carb\u00f3n.","robots":{"index":"index","follow":"follow","max-snippet":"max-snippet:-1","max-image-preview":"max-image-preview:large","max-video-preview":"max-video-preview:-1"},"canonical":"https:\/\/hosteleriauno.es\/cocina-sin-humos\/","og_locale":"es_ES","og_type":"article","og_title":"Cocina Ecol\u00f3gica sin Humos para Hosteler\u00eda | Freidoras, Hornos","og_description":"Descubre nuestra propuesta para cocinas eco-amigables con hornos ecol\u00f3gicos, freidoras ecol\u00f3gicas y campanas con filtro de carb\u00f3n.","og_url":"https:\/\/hosteleriauno.es\/cocina-sin-humos\/","og_site_name":"Landing","article_modified_time":"2024-06-05T20:41:14+00:00","og_image":[{"width":1082,"height":168,"url":"https:\/\/hosteleriauno.es\/cocina-sin-humos\/wp-content\/uploads\/2024\/03\/hosteleria-uno-logo-1673308351.png","type":"image\/png"}],"twitter_card":"summary_large_image","twitter_misc":{"Tiempo de lectura":"5 minutos"},"schema":{"@context":"https:\/\/schema.org","@graph":[{"@type":"WebPage","@id":"https:\/\/hosteleriauno.es\/cocina-sin-humos\/","url":"https:\/\/hosteleriauno.es\/cocina-sin-humos\/","name":"Cocina Ecol\u00f3gica sin Humos para Hosteler\u00eda | Freidoras, Hornos","isPartOf":{"@id":"https:\/\/hosteleriauno.es\/cocina-sin-humos\/#website"},"datePublished":"2017-10-17T10:59:59+00:00","dateModified":"2024-06-05T20:41:14+00:00","description":"Descubre nuestra propuesta para cocinas eco-amigables con hornos ecol\u00f3gicos, freidoras ecol\u00f3gicas y campanas con filtro de carb\u00f3n.","breadcrumb":{"@id":"https:\/\/hosteleriauno.es\/cocina-sin-humos\/#breadcrumb"},"inLanguage":"es","potentialAction":[{"@type":"ReadAction","target":["https:\/\/hosteleriauno.es\/cocina-sin-humos\/"]}]},{"@type":"BreadcrumbList","@id":"https:\/\/hosteleriauno.es\/cocina-sin-humos\/#breadcrumb","itemListElement":[{"@type":"ListItem","position":1,"name":"Portada","item":"https:\/\/hosteleriauno.es\/cocina-sin-humos\/"},{"@type":"ListItem","position":2,"name":"Cocina sin Humos"}]},{"@type":"WebSite","@id":"https:\/\/hosteleriauno.es\/cocina-sin-humos\/#website","url":"https:\/\/hosteleriauno.es\/cocina-sin-humos\/","name":"Cocina ecol\u00f3gica sin humos - Hosteleria UNO","description":"Descubre nuestra propuesta para cocinas eco-amigables con hornos ecol\u00f3gicos, freidoras ecol\u00f3gicas y campanas con filtro de carb\u00f3n.","publisher":{"@id":"https:\/\/hosteleriauno.es\/cocina-sin-humos\/#organization"},"alternateName":"Cocina ecol\u00f3gica sin humos - Hosteleria UNO","potentialAction":[{"@type":"SearchAction","target":{"@type":"EntryPoint","urlTemplate":"https:\/\/hosteleriauno.es\/cocina-sin-humos\/?s={search_term_string}"},"query-input":"required name=search_term_string"}],"inLanguage":"es"},{"@type":"Organization","@id":"https:\/\/hosteleriauno.es\/cocina-sin-humos\/#organization","name":"Hosteleriauno","url":"https:\/\/hosteleriauno.es\/cocina-sin-humos\/","logo":{"@type":"ImageObject","inLanguage":"es","@id":"https:\/\/hosteleriauno.es\/cocina-sin-humos\/#\/schema\/logo\/image\/","url":"https:\/\/hosteleriauno.es\/cocina-sin-humos\/wp-content\/uploads\/2024\/03\/hosteleria-uno-logo-1673308351.png","contentUrl":"https:\/\/hosteleriauno.es\/cocina-sin-humos\/wp-content\/uploads\/2024\/03\/hosteleria-uno-logo-1673308351.png","width":1082,"height":168,"caption":"Hosteleriauno"},"image":{"@id":"https:\/\/hosteleriauno.es\/cocina-sin-humos\/#\/schema\/logo\/image\/"}}]}},"_links":{"self":[{"href":"https:\/\/hosteleriauno.es\/cocina-sin-humos\/wp-json\/wp\/v2\/pages\/19"}],"collection":[{"href":"https:\/\/hosteleriauno.es\/cocina-sin-humos\/wp-json\/wp\/v2\/pages"}],"about":[{"href":"https:\/\/hosteleriauno.es\/cocina-sin-humos\/wp-json\/wp\/v2\/types\/page"}],"author":[{"embeddable":true,"href":"https:\/\/hosteleriauno.es\/cocina-sin-humos\/wp-json\/wp\/v2\/users\/1"}],"replies":[{"embeddable":true,"href":"https:\/\/hosteleriauno.es\/cocina-sin-humos\/wp-json\/wp\/v2\/comments?post=19"}],"version-history":[{"count":2,"href":"https:\/\/hosteleriauno.es\/cocina-sin-humos\/wp-json\/wp\/v2\/pages\/19\/revisions"}],"predecessor-version":[{"id":86,"href":"https:\/\/hosteleriauno.es\/cocina-sin-humos\/wp-json\/wp\/v2\/pages\/19\/revisions\/86"}],"wp:attachment":[{"href":"https:\/\/hosteleriauno.es\/cocina-sin-humos\/wp-json\/wp\/v2\/media?parent=19"}],"curies":[{"name":"wp","href":"https:\/\/api.w.org\/{rel}","templated":true}]}}